{"id":1956,"date":"2016-05-09T17:16:08","date_gmt":"2016-05-09T17:16:08","guid":{"rendered":"http:\/\/costa-del-sol.tv\/de\/prices\/"},"modified":"2017-09-28T19:56:38","modified_gmt":"2017-09-28T19:56:38","slug":"prices","status":"publish","type":"page","link":"https:\/\/costa-del-sol.tv\/de\/prices\/","title":{"rendered":"Preise"},"content":{"rendered":"<p style=\"text-align: left;\">Diese Webseite ist haupts\u00e4chlich f\u00fcr englischsprachige Kunden gestaltet, richtet sich also nicht unbedingt nach den deutschen Gesetzen f\u00fcr Webseitengestaltung. Sie enth\u00e4lt aber ein Impressum und Sie k\u00f6nnen sich ebenfalls gerne die Preisgestaltung korrekt nach der Preisangabenverordnung \u00a0in Deutschland anschauen. Da Ihre Vermieter zwar in Spanien wohnen und sich auch die Ferienunterk\u00fcnfte (Ferienwohnungen und ein Ferienhaus) in Spanien befinden, Ihre Vermieter aber deutscher Nationionalit\u00e4t sind, haben sie sich freiwillig trotzdem in den wichtigen Punkten an die deutsche Gesetzgebung f\u00fcr Webseitengestaltung gehalten. Die Hauptseite der Vermieter f\u00fcr Ihre Ferienwohnungen und das Ferienhaus an der Costa del Sol hei\u00dft: <a href=\"https:\/\/viel-meer-urlaub.com\">viel-meer-urlaub.com<\/a>.<\/p>\n<p style=\"text-align: center;\"><a href=\"https:\/\/viel-meer-urlaub.com\/preise_capistrano\" target=\"_blank\" rel=\"noopener\">F\u00fcr die Preise klicken Sie bitte hier<\/a><\/p>\n<p>&nbsp;<\/p>\n","protected":false},"excerpt":{"rendered":"<p>Diese Webseite ist haupts\u00e4chlich f\u00fcr englischsprachige Kunden gestaltet, richtet sich also nicht unbedingt nach den deutschen Gesetzen f\u00fcr Webseitengestaltung. Sie enth\u00e4lt aber ein Impressum und Sie k\u00f6nnen sich ebenfalls gerne die Preisgestaltung korrekt nach der Preisangabenverordnung \u00a0in Deutschland anschauen. Da Ihre Vermieter zwar in Spanien wohnen und sich auch die Ferienunterk\u00fcnfte (Ferienwohnungen und ein Ferienhaus) [&hellip;]<\/p>\n","protected":false},"author":1,"featured_media":0,"parent":0,"menu_order":0,"comment_status":"closed","ping_status":"closed","template":"","meta":{"footnotes":"","_links_to":"","_links_to_target":""},"coauthors":[103],"aioseo_notices":[],"_links":{"self":[{"href":"https:\/\/costa-del-sol.tv\/de\/wp-json\/wp\/v2\/pages\/1956"}],"collection":[{"href":"https:\/\/costa-del-sol.tv\/de\/wp-json\/wp\/v2\/pages"}],"about":[{"href":"https:\/\/costa-del-sol.tv\/de\/wp-json\/wp\/v2\/types\/page"}],"author":[{"embeddable":true,"href":"https:\/\/costa-del-sol.tv\/de\/wp-json\/wp\/v2\/users\/1"}],"replies":[{"embeddable":true,"href":"https:\/\/costa-del-sol.tv\/de\/wp-json\/wp\/v2\/comments?post=1956"}],"version-history":[{"count":11,"href":"https:\/\/costa-del-sol.tv\/de\/wp-json\/wp\/v2\/pages\/1956\/revisions"}],"predecessor-version":[{"id":2290,"href":"https:\/\/costa-del-sol.tv\/de\/wp-json\/wp\/v2\/pages\/1956\/revisions\/2290"}],"wp:attachment":[{"href":"https:\/\/costa-del-sol.tv\/de\/wp-json\/wp\/v2\/media?parent=1956"}],"wp:term":[{"taxonomy":"author","embeddable":true,"href":"https:\/\/costa-del-sol.tv\/de\/wp-json\/wp\/v2\/coauthors?post=1956"}],"curies":[{"name":"wp","href":"https:\/\/api.w.org\/{rel}","templated":true}]}}