{"id":1798,"date":"2016-05-06T00:19:57","date_gmt":"2016-05-06T00:19:57","guid":{"rendered":"http:\/\/costa-del-sol.tv\/de\/videos\/"},"modified":"2017-09-28T17:49:05","modified_gmt":"2017-09-28T17:49:05","slug":"videos","status":"publish","type":"page","link":"https:\/\/costa-del-sol.tv\/de\/videos\/","title":{"rendered":"Videos"},"content":{"rendered":"<p><img loading=\"lazy\" decoding=\"async\" class=\"alignnone size-full wp-image-1965\" src=\"http:\/\/costa-del-sol.tv\/wp-content\/uploads\/2016\/05\/40x40.png\" alt=\"40x40\" width=\"40\" height=\"40\" srcset=\"https:\/\/costa-del-sol.tv\/wp-content\/uploads\/2016\/05\/40x40.png 40w, https:\/\/costa-del-sol.tv\/wp-content\/uploads\/2016\/05\/40x40-32x32.png 32w\" sizes=\"(max-width: 40px) 100vw, 40px\" \/>We are editing our videos! You will see here soon videos of our apartements and flights over the holiday home with a drone.<\/p>\n<p>Give us a little bit time to work \ud83d\ude42<\/p>\n<p>Wir sind dabei, unsere Video zu schneiden. Demn\u00e4chst werden Sie hier Videos der Feriendomizile finden sowie Drohnenfl\u00fcge \u00fcber die Objekte.<\/p>\n<p>Geben Sie uns bitte noch ein kleines bisschen Zeit \ud83d\ude42<\/p>\n<p>&nbsp;<\/p>\n<p>&nbsp;<\/p>\n<p>&nbsp;<\/p>\n<p>&nbsp;<\/p>\n<p>&nbsp;<\/p>\n<p>&nbsp;<\/p>\n<p>&nbsp;<\/p>\n","protected":false},"excerpt":{"rendered":"<p>We are editing our videos! You will see here soon videos of our apartements and flights over the holiday home with a drone. Give us a little bit time to work \ud83d\ude42 Wir sind dabei, unsere Video zu schneiden. Demn\u00e4chst werden Sie hier Videos der Feriendomizile finden sowie Drohnenfl\u00fcge \u00fcber die Objekte. Geben Sie uns [&hellip;]<\/p>\n","protected":false},"author":2,"featured_media":0,"parent":0,"menu_order":0,"comment_status":"closed","ping_status":"closed","template":"template-full-width.php","meta":{"footnotes":"","_links_to":"","_links_to_target":""},"coauthors":[],"aioseo_notices":[],"_links":{"self":[{"href":"https:\/\/costa-del-sol.tv\/de\/wp-json\/wp\/v2\/pages\/1798"}],"collection":[{"href":"https:\/\/costa-del-sol.tv\/de\/wp-json\/wp\/v2\/pages"}],"about":[{"href":"https:\/\/costa-del-sol.tv\/de\/wp-json\/wp\/v2\/types\/page"}],"author":[{"embeddable":true,"href":"https:\/\/costa-del-sol.tv\/de\/wp-json\/wp\/v2\/users\/2"}],"replies":[{"embeddable":true,"href":"https:\/\/costa-del-sol.tv\/de\/wp-json\/wp\/v2\/comments?post=1798"}],"version-history":[{"count":5,"href":"https:\/\/costa-del-sol.tv\/de\/wp-json\/wp\/v2\/pages\/1798\/revisions"}],"predecessor-version":[{"id":2018,"href":"https:\/\/costa-del-sol.tv\/de\/wp-json\/wp\/v2\/pages\/1798\/revisions\/2018"}],"wp:attachment":[{"href":"https:\/\/costa-del-sol.tv\/de\/wp-json\/wp\/v2\/media?parent=1798"}],"wp:term":[{"taxonomy":"author","embeddable":true,"href":"https:\/\/costa-del-sol.tv\/de\/wp-json\/wp\/v2\/coauthors?post=1798"}],"curies":[{"name":"wp","href":"https:\/\/api.w.org\/{rel}","templated":true}]}}